{"id":2295,"date":"2021-05-06T08:17:41","date_gmt":"2021-05-06T08:17:41","guid":{"rendered":"http:\/\/panaderiasanjuanalfacar.es\/?page_id=2295"},"modified":"2021-05-06T08:30:11","modified_gmt":"2021-05-06T08:30:11","slug":"textos-legales","status":"publish","type":"page","link":"https:\/\/panaderiasanjuanalfacar.es\/en\/textos-legales\/","title":{"rendered":"Textos Legales"},"content":{"rendered":"<div data-elementor-type=\"wp-page\" data-elementor-id=\"2295\" class=\"elementor elementor-2295\">\n\t\t\t\t\t\t<section class=\"elementor-section elementor-top-section elementor-element elementor-element-7a092af elementor-section-boxed elementor-section-height-default elementor-section-height-default\" data-id=\"7a092af\" data-element_type=\"section\">\n\t\t\t\t\t\t<div class=\"elementor-container elementor-column-gap-default\">\n\t\t\t\t\t<div class=\"elementor-column elementor-col-33 elementor-top-column elementor-element elementor-element-63bf3fa\" data-id=\"63bf3fa\" data-element_type=\"column\">\n\t\t\t<div class=\"elementor-widget-wrap elementor-element-populated\">\n\t\t\t\t\t\t<div class=\"elementor-element elementor-element-42b995d elementor-widget elementor-widget-eael-creative-button\" data-id=\"42b995d\" data-element_type=\"widget\" data-widget_type=\"eael-creative-button.default\">\n\t\t\t\t<div class=\"elementor-widget-container\">\n\t\t\t\t\t        <div class=\"eael-creative-button-wrapper\">\n\n            <a class=\"eael-creative-button eael-creative-button--default\" href=\"http:\/\/panaderiasanjuanalfacar.es\/en\/politica-de-cookies\/\" data-text=\"\">\n\n\t    \n                <div class=\"creative-button-inner\">\n\n                    \n                    <span class=\"cretive-button-text\">Pol\u00edtica de Cookies<\/span>\n\n                                    <\/div>\n\t                        <\/a>\n        <\/div>\n        \t\t\t\t<\/div>\n\t\t\t\t<\/div>\n\t\t\t\t\t<\/div>\n\t\t<\/div>\n\t\t\t\t<div class=\"elementor-column elementor-col-33 elementor-top-column elementor-element elementor-element-bbc3194\" data-id=\"bbc3194\" data-element_type=\"column\">\n\t\t\t<div class=\"elementor-widget-wrap elementor-element-populated\">\n\t\t\t\t\t\t<div class=\"elementor-element elementor-element-860f0ea elementor-widget elementor-widget-eael-creative-button\" data-id=\"860f0ea\" data-element_type=\"widget\" data-widget_type=\"eael-creative-button.default\">\n\t\t\t\t<div class=\"elementor-widget-container\">\n\t\t\t\t\t        <div class=\"eael-creative-button-wrapper\">\n\n            <a class=\"eael-creative-button eael-creative-button--default\" href=\"http:\/\/panaderiasanjuanalfacar.es\/en\/politica-de-cookies-2\/\" data-text=\"\">\n\n\t    \n                <div class=\"creative-button-inner\">\n\n                    \n                    <span class=\"cretive-button-text\">Aviso Legal<\/span>\n\n                                    <\/div>\n\t                        <\/a>\n        <\/div>\n        \t\t\t\t<\/div>\n\t\t\t\t<\/div>\n\t\t\t\t\t<\/div>\n\t\t<\/div>\n\t\t\t\t<div class=\"elementor-column elementor-col-33 elementor-top-column elementor-element elementor-element-6d110d6\" data-id=\"6d110d6\" data-element_type=\"column\">\n\t\t\t<div class=\"elementor-widget-wrap elementor-element-populated\">\n\t\t\t\t\t\t<div class=\"elementor-element elementor-element-38777c9 elementor-widget elementor-widget-eael-creative-button\" data-id=\"38777c9\" data-element_type=\"widget\" data-widget_type=\"eael-creative-button.default\">\n\t\t\t\t<div class=\"elementor-widget-container\">\n\t\t\t\t\t        <div class=\"eael-creative-button-wrapper\">\n\n            <a class=\"eael-creative-button eael-creative-button--default\" href=\"http:\/\/panaderiasanjuanalfacar.es\/en\/privacy-policy\/\" data-text=\"\">\n\n\t    \n                <div class=\"creative-button-inner\">\n\n                    \n                    <span class=\"cretive-button-text\">Pol\u00edtica de Privacidad<\/span>\n\n                                    <\/div>\n\t                        <\/a>\n        <\/div>\n        \t\t\t\t<\/div>\n\t\t\t\t<\/div>\n\t\t\t\t\t<\/div>\n\t\t<\/div>\n\t\t\t\t\t<\/div>\n\t\t<\/section>\n\t\t\t\t<\/div>","protected":false},"excerpt":{"rendered":"<p>Pol\u00edtica de Cookies Aviso Legal Pol\u00edtica de Privacidad<\/p>","protected":false},"author":1,"featured_media":0,"parent":0,"menu_order":0,"comment_status":"closed","ping_status":"closed","template":"elementor_header_footer","meta":{"footnotes":""},"class_list":["post-2295","page","type-page","status-publish","hentry"],"yoast_head":"<!-- This site is optimized with the Yoast SEO plugin v27.3 - https:\/\/yoast.com\/product\/yoast-seo-wordpress\/ -->\n<title>Textos Legales - Panader\u00eda San Juan Alfacar<\/title>\n<meta name=\"robots\" content=\"noindex, follow\" \/>\n<meta property=\"og:locale\" content=\"en_US\" \/>\n<meta property=\"og:type\" content=\"article\" \/>\n<meta property=\"og:title\" content=\"Textos Legales - Panader\u00eda San Juan Alfacar\" \/>\n<meta property=\"og:description\" content=\"Pol\u00edtica de Cookies Aviso Legal Pol\u00edtica de Privacidad\" \/>\n<meta property=\"og:url\" content=\"https:\/\/panaderiasanjuanalfacar.es\/en\/textos-legales\/\" \/>\n<meta property=\"og:site_name\" content=\"Panader\u00eda San Juan Alfacar\" \/>\n<meta property=\"article:modified_time\" content=\"2021-05-06T08:30:11+00:00\" \/>\n<meta name=\"twitter:card\" content=\"summary_large_image\" \/>\n<meta name=\"twitter:label1\" content=\"Est. reading time\" \/>\n\t<meta name=\"twitter:data1\" content=\"1 minute\" \/>\n<script type=\"application\/ld+json\" class=\"yoast-schema-graph\">{\"@context\":\"https:\\\/\\\/schema.org\",\"@graph\":[{\"@type\":\"WebPage\",\"@id\":\"https:\\\/\\\/panaderiasanjuanalfacar.es\\\/en\\\/textos-legales\\\/\",\"url\":\"https:\\\/\\\/panaderiasanjuanalfacar.es\\\/en\\\/textos-legales\\\/\",\"name\":\"Textos Legales - Panader\u00eda San Juan Alfacar\",\"isPartOf\":{\"@id\":\"https:\\\/\\\/panaderiasanjuanalfacar.es\\\/#website\"},\"datePublished\":\"2021-05-06T08:17:41+00:00\",\"dateModified\":\"2021-05-06T08:30:11+00:00\",\"breadcrumb\":{\"@id\":\"https:\\\/\\\/panaderiasanjuanalfacar.es\\\/en\\\/textos-legales\\\/#breadcrumb\"},\"inLanguage\":\"en-US\",\"potentialAction\":[{\"@type\":\"ReadAction\",\"target\":[\"https:\\\/\\\/panaderiasanjuanalfacar.es\\\/en\\\/textos-legales\\\/\"]}]},{\"@type\":\"BreadcrumbList\",\"@id\":\"https:\\\/\\\/panaderiasanjuanalfacar.es\\\/en\\\/textos-legales\\\/#breadcrumb\",\"itemListElement\":[{\"@type\":\"ListItem\",\"position\":1,\"name\":\"Home\",\"item\":\"https:\\\/\\\/panaderiasanjuanalfacar.es\\\/\"},{\"@type\":\"ListItem\",\"position\":2,\"name\":\"Textos Legales\"}]},{\"@type\":\"WebSite\",\"@id\":\"https:\\\/\\\/panaderiasanjuanalfacar.es\\\/#website\",\"url\":\"https:\\\/\\\/panaderiasanjuanalfacar.es\\\/\",\"name\":\"Panader\u00eda San Juan Alfacar\",\"description\":\"Panader\u00edas y Pasteler\u00edas San Juan de Alfacar\",\"publisher\":{\"@id\":\"https:\\\/\\\/panaderiasanjuanalfacar.es\\\/#organization\"},\"potentialAction\":[{\"@type\":\"SearchAction\",\"target\":{\"@type\":\"EntryPoint\",\"urlTemplate\":\"https:\\\/\\\/panaderiasanjuanalfacar.es\\\/?s={search_term_string}\"},\"query-input\":{\"@type\":\"PropertyValueSpecification\",\"valueRequired\":true,\"valueName\":\"search_term_string\"}}],\"inLanguage\":\"en-US\"},{\"@type\":\"Organization\",\"@id\":\"https:\\\/\\\/panaderiasanjuanalfacar.es\\\/#organization\",\"name\":\"Panader\u00eda San Juan de Alfacar\",\"url\":\"https:\\\/\\\/panaderiasanjuanalfacar.es\\\/\",\"logo\":{\"@type\":\"ImageObject\",\"inLanguage\":\"en-US\",\"@id\":\"https:\\\/\\\/panaderiasanjuanalfacar.es\\\/#\\\/schema\\\/logo\\\/image\\\/\",\"url\":\"https:\\\/\\\/panaderiasanjuanalfacar.es\\\/wp-content\\\/uploads\\\/2021\\\/02\\\/logoppal.png\",\"contentUrl\":\"https:\\\/\\\/panaderiasanjuanalfacar.es\\\/wp-content\\\/uploads\\\/2021\\\/02\\\/logoppal.png\",\"width\":375,\"height\":375,\"caption\":\"Panader\u00eda San Juan de Alfacar\"},\"image\":{\"@id\":\"https:\\\/\\\/panaderiasanjuanalfacar.es\\\/#\\\/schema\\\/logo\\\/image\\\/\"}}]}<\/script>\n<!-- \/ Yoast SEO plugin. -->","yoast_head_json":{"title":"Textos Legales - Panader\u00eda San Juan Alfacar","robots":{"index":"noindex","follow":"follow"},"og_locale":"en_US","og_type":"article","og_title":"Textos Legales - Panader\u00eda San Juan Alfacar","og_description":"Pol\u00edtica de Cookies Aviso Legal Pol\u00edtica de Privacidad","og_url":"https:\/\/panaderiasanjuanalfacar.es\/en\/textos-legales\/","og_site_name":"Panader\u00eda San Juan Alfacar","article_modified_time":"2021-05-06T08:30:11+00:00","twitter_card":"summary_large_image","twitter_misc":{"Est. reading time":"1 minute"},"schema":{"@context":"https:\/\/schema.org","@graph":[{"@type":"WebPage","@id":"https:\/\/panaderiasanjuanalfacar.es\/en\/textos-legales\/","url":"https:\/\/panaderiasanjuanalfacar.es\/en\/textos-legales\/","name":"Textos Legales - Panader\u00eda San Juan Alfacar","isPartOf":{"@id":"https:\/\/panaderiasanjuanalfacar.es\/#website"},"datePublished":"2021-05-06T08:17:41+00:00","dateModified":"2021-05-06T08:30:11+00:00","breadcrumb":{"@id":"https:\/\/panaderiasanjuanalfacar.es\/en\/textos-legales\/#breadcrumb"},"inLanguage":"en-US","potentialAction":[{"@type":"ReadAction","target":["https:\/\/panaderiasanjuanalfacar.es\/en\/textos-legales\/"]}]},{"@type":"BreadcrumbList","@id":"https:\/\/panaderiasanjuanalfacar.es\/en\/textos-legales\/#breadcrumb","itemListElement":[{"@type":"ListItem","position":1,"name":"Home","item":"https:\/\/panaderiasanjuanalfacar.es\/"},{"@type":"ListItem","position":2,"name":"Textos Legales"}]},{"@type":"WebSite","@id":"https:\/\/panaderiasanjuanalfacar.es\/#website","url":"https:\/\/panaderiasanjuanalfacar.es\/","name":"Panader\u00eda San Juan Alfacar","description":"Panader\u00edas y Pasteler\u00edas San Juan de Alfacar","publisher":{"@id":"https:\/\/panaderiasanjuanalfacar.es\/#organization"},"potentialAction":[{"@type":"SearchAction","target":{"@type":"EntryPoint","urlTemplate":"https:\/\/panaderiasanjuanalfacar.es\/?s={search_term_string}"},"query-input":{"@type":"PropertyValueSpecification","valueRequired":true,"valueName":"search_term_string"}}],"inLanguage":"en-US"},{"@type":"Organization","@id":"https:\/\/panaderiasanjuanalfacar.es\/#organization","name":"Panader\u00eda San Juan de Alfacar","url":"https:\/\/panaderiasanjuanalfacar.es\/","logo":{"@type":"ImageObject","inLanguage":"en-US","@id":"https:\/\/panaderiasanjuanalfacar.es\/#\/schema\/logo\/image\/","url":"https:\/\/panaderiasanjuanalfacar.es\/wp-content\/uploads\/2021\/02\/logoppal.png","contentUrl":"https:\/\/panaderiasanjuanalfacar.es\/wp-content\/uploads\/2021\/02\/logoppal.png","width":375,"height":375,"caption":"Panader\u00eda San Juan de Alfacar"},"image":{"@id":"https:\/\/panaderiasanjuanalfacar.es\/#\/schema\/logo\/image\/"}}]}},"_links":{"self":[{"href":"https:\/\/panaderiasanjuanalfacar.es\/en\/wp-json\/wp\/v2\/pages\/2295","targetHints":{"allow":["GET"]}}],"collection":[{"href":"https:\/\/panaderiasanjuanalfacar.es\/en\/wp-json\/wp\/v2\/pages"}],"about":[{"href":"https:\/\/panaderiasanjuanalfacar.es\/en\/wp-json\/wp\/v2\/types\/page"}],"author":[{"embeddable":true,"href":"https:\/\/panaderiasanjuanalfacar.es\/en\/wp-json\/wp\/v2\/users\/1"}],"replies":[{"embeddable":true,"href":"https:\/\/panaderiasanjuanalfacar.es\/en\/wp-json\/wp\/v2\/comments?post=2295"}],"version-history":[{"count":0,"href":"https:\/\/panaderiasanjuanalfacar.es\/en\/wp-json\/wp\/v2\/pages\/2295\/revisions"}],"wp:attachment":[{"href":"https:\/\/panaderiasanjuanalfacar.es\/en\/wp-json\/wp\/v2\/media?parent=2295"}],"curies":[{"name":"wp","href":"https:\/\/api.w.org\/{rel}","templated":true}]}}