{"id":986,"date":"2021-02-21T08:32:57","date_gmt":"2021-02-21T08:32:57","guid":{"rendered":"http:\/\/panaderiasanjuanalfacar.es\/?page_id=986"},"modified":"2024-07-26T07:19:34","modified_gmt":"2024-07-26T07:19:34","slug":"contacto","status":"publish","type":"page","link":"https:\/\/panaderiasanjuanalfacar.es\/en\/contacto\/","title":{"rendered":"Contacto"},"content":{"rendered":"<div data-elementor-type=\"wp-page\" data-elementor-id=\"986\" class=\"elementor elementor-986\">\n\t\t\t\t\t\t<section class=\"elementor-section elementor-top-section elementor-element elementor-element-2d98662 elementor-section-full_width elementor-section-height-default elementor-section-height-default\" data-id=\"2d98662\" data-element_type=\"section\">\n\t\t\t\t\t\t<div class=\"elementor-container elementor-column-gap-default\">\n\t\t\t\t\t<div class=\"elementor-column elementor-col-50 elementor-top-column elementor-element elementor-element-7c64143\" data-id=\"7c64143\" data-element_type=\"column\" data-settings=\"{&quot;background_background&quot;:&quot;classic&quot;}\">\n\t\t\t<div class=\"elementor-widget-wrap elementor-element-populated\">\n\t\t\t\t\t\t<div class=\"elementor-element elementor-element-79d75cd elementor-widget elementor-widget-image\" data-id=\"79d75cd\" data-element_type=\"widget\" data-widget_type=\"image.default\">\n\t\t\t\t<div class=\"elementor-widget-container\">\n\t\t\t\t\t\t\t\t\t\t\t\t\t\t\t<img fetchpriority=\"high\" decoding=\"async\" width=\"580\" height=\"948\" src=\"https:\/\/panaderiasanjuanalfacar.es\/wp-content\/uploads\/2021\/02\/ppalcontacto-min3-1.jpg\" class=\"attachment-large size-large wp-image-1396\" alt=\"\" \/>\t\t\t\t\t\t\t\t\t\t\t\t\t\t\t<\/div>\n\t\t\t\t<\/div>\n\t\t\t\t<section class=\"elementor-section elementor-inner-section elementor-element elementor-element-c85a232 elementor-section-boxed elementor-section-height-default elementor-section-height-default\" data-id=\"c85a232\" data-element_type=\"section\">\n\t\t\t\t\t\t<div class=\"elementor-container elementor-column-gap-default\">\n\t\t\t\t\t<div class=\"elementor-column elementor-col-100 elementor-inner-column elementor-element elementor-element-98ed3fa\" data-id=\"98ed3fa\" data-element_type=\"column\">\n\t\t\t<div class=\"elementor-widget-wrap elementor-element-populated\">\n\t\t\t\t\t\t<div class=\"elementor-element elementor-element-ceb6c68 elementor-widget elementor-widget-heading\" data-id=\"ceb6c68\" data-element_type=\"widget\" data-widget_type=\"heading.default\">\n\t\t\t\t<div class=\"elementor-widget-container\">\n\t\t\t\t\t<h2 class=\"elementor-heading-title elementor-size-default\">F\u00c1BRICA<\/h2>\t\t\t\t<\/div>\n\t\t\t\t<\/div>\n\t\t\t\t<div class=\"elementor-element elementor-element-4a98457 elementor-widget elementor-widget-text-editor\" data-id=\"4a98457\" data-element_type=\"widget\" data-widget_type=\"text-editor.default\">\n\t\t\t\t<div class=\"elementor-widget-container\">\n\t\t\t\t\t\t\t\t\t<p>Pol\u00edgono Industrial La Alfaguara,<br \/>Calle Fuente La Teja 19, 18170<br \/>Alfacar, Granada<\/p><p>Tel\u00e9fono: 958 . 430 . 352<\/p><p>WhatsApp: 650 . 811 .282\u00a0<\/p>\t\t\t\t\t\t\t\t<\/div>\n\t\t\t\t<\/div>\n\t\t\t\t\t<\/div>\n\t\t<\/div>\n\t\t\t\t\t<\/div>\n\t\t<\/section>\n\t\t\t\t<section class=\"elementor-section elementor-inner-section elementor-element elementor-element-b2fdc4c elementor-section-boxed elementor-section-height-default elementor-section-height-default\" data-id=\"b2fdc4c\" data-element_type=\"section\">\n\t\t\t\t\t\t<div class=\"elementor-container elementor-column-gap-default\">\n\t\t\t\t\t<div class=\"elementor-column elementor-col-100 elementor-inner-column elementor-element elementor-element-df8204c\" data-id=\"df8204c\" data-element_type=\"column\">\n\t\t\t<div class=\"elementor-widget-wrap elementor-element-populated\">\n\t\t\t\t\t\t<div class=\"elementor-element elementor-element-752e5af elementor-widget elementor-widget-heading\" data-id=\"752e5af\" data-element_type=\"widget\" data-widget_type=\"heading.default\">\n\t\t\t\t<div class=\"elementor-widget-container\">\n\t\t\t\t\t<h2 class=\"elementor-heading-title elementor-size-default\">TIENDAS<\/h2>\t\t\t\t<\/div>\n\t\t\t\t<\/div>\n\t\t\t\t<div class=\"elementor-element elementor-element-c6e97ad elementor-widget elementor-widget-text-editor\" data-id=\"c6e97ad\" data-element_type=\"widget\" data-widget_type=\"text-editor.default\">\n\t\t\t\t<div class=\"elementor-widget-container\">\n\t\t\t\t\t\t\t\t\t<hr \/><p><span style=\"letter-spacing: -0.27px;\">Calle Poeta Manuel de G\u00f3ngora. Esquina con Alminares del Genil, 3.\u00a0\u00a0<\/span><span style=\"letter-spacing: -0.27px; color: var( --e-global-color-text ); font-family: var( --e-global-typography-text-font-family ), Sans-serif; background-color: rgba(0, 0, 0, 0); font-size: 1.8rem;\">18006 Granada.\u00a0<\/span><\/p><p><span style=\"letter-spacing: -0.27px;\">692 . 195 . 631<\/span><span style=\"letter-spacing: -0.27px; color: var( --e-global-color-text ); font-family: var( --e-global-typography-text-font-family ), Sans-serif; background-color: rgba(0, 0, 0, 0); font-size: 1.8rem;\"><br \/><\/span><\/p><hr \/><p><span style=\"letter-spacing: -0.27px;\"> Avenida de D\u00edlar, 20.\u00a0 18006 Granada.\u00a0<br \/><\/span><\/p><p>685 . 213 . 717<\/p><hr \/><p>Calle Campo Santo, 1.\u00a0 18110. Las Gabias. Granada.\u00a0<\/p><p>657 . 932 . 117<\/p><hr \/><p>\u00a0<\/p>\t\t\t\t\t\t\t\t<\/div>\n\t\t\t\t<\/div>\n\t\t\t\t\t<\/div>\n\t\t<\/div>\n\t\t\t\t\t<\/div>\n\t\t<\/section>\n\t\t\t\t\t<\/div>\n\t\t<\/div>\n\t\t\t\t<div class=\"elementor-column elementor-col-50 elementor-top-column elementor-element elementor-element-4ae5983\" data-id=\"4ae5983\" data-element_type=\"column\">\n\t\t\t<div class=\"elementor-widget-wrap elementor-element-populated\">\n\t\t\t\t\t\t<div class=\"elementor-element elementor-element-b320ce4 elementor-hidden-tablet elementor-hidden-phone elementor-widget elementor-widget-spacer\" data-id=\"b320ce4\" data-element_type=\"widget\" data-widget_type=\"spacer.default\">\n\t\t\t\t<div class=\"elementor-widget-container\">\n\t\t\t\t\t\t\t<div class=\"elementor-spacer\">\n\t\t\t<div class=\"elementor-spacer-inner\"><\/div>\n\t\t<\/div>\n\t\t\t\t\t\t<\/div>\n\t\t\t\t<\/div>\n\t\t\t\t<section class=\"elementor-section elementor-inner-section elementor-element elementor-element-7da5b01 elementor-section-content-middle elementor-section-boxed elementor-section-height-default elementor-section-height-default\" data-id=\"7da5b01\" data-element_type=\"section\">\n\t\t\t\t\t\t<div class=\"elementor-container elementor-column-gap-default\">\n\t\t\t\t\t<div class=\"elementor-column elementor-col-100 elementor-inner-column elementor-element elementor-element-f85dd1f\" data-id=\"f85dd1f\" data-element_type=\"column\">\n\t\t\t<div class=\"elementor-widget-wrap elementor-element-populated\">\n\t\t\t\t\t\t<div class=\"elementor-element elementor-element-5c4838b elementor-widget elementor-widget-heading\" data-id=\"5c4838b\" data-element_type=\"widget\" data-widget_type=\"heading.default\">\n\t\t\t\t<div class=\"elementor-widget-container\">\n\t\t\t\t\t<h1 class=\"elementor-heading-title elementor-size-default\">CONTACTO<\/h1>\t\t\t\t<\/div>\n\t\t\t\t<\/div>\n\t\t\t\t<div class=\"elementor-element elementor-element-31a0aea eael-contact-form-7-button-align-left eael-contact-form-7-button-custom elementor-widget elementor-widget-eael-contact-form-7\" data-id=\"31a0aea\" data-element_type=\"widget\" data-widget_type=\"eael-contact-form-7.default\">\n\t\t\t\t<div class=\"elementor-widget-container\">\n\t\t\t\t\t<div class=\"eael-contact-form-7-wrapper\">\n                <div class=\"eael-contact-form eael-contact-form-7 eael-contact-form-31a0aea placeholder-show eael-custom-radio-checkbox eael-contact-form-align-left\">\n<div class=\"wpcf7 no-js\" id=\"wpcf7-f1531-o1\" lang=\"es-ES\" dir=\"ltr\" data-wpcf7-id=\"1531\">\n<div class=\"screen-reader-response\"><p role=\"status\" aria-live=\"polite\" aria-atomic=\"true\"><\/p> <ul><\/ul><\/div>\n<form action=\"\/en\/wp-json\/wp\/v2\/pages\/986#wpcf7-f1531-o1\" method=\"post\" class=\"wpcf7-form init\" aria-label=\"Formulario de contacto\" novalidate=\"novalidate\" data-status=\"init\" data-trp-original-action=\"\/en\/wp-json\/wp\/v2\/pages\/986#wpcf7-f1531-o1\">\n<fieldset class=\"hidden-fields-container\"><input type=\"hidden\" name=\"_wpcf7\" value=\"1531\" \/><input type=\"hidden\" name=\"_wpcf7_version\" value=\"6.1.1\" \/><input type=\"hidden\" name=\"_wpcf7_locale\" value=\"es_ES\" \/><input type=\"hidden\" name=\"_wpcf7_unit_tag\" value=\"wpcf7-f1531-o1\" \/><input type=\"hidden\" name=\"_wpcf7_container_post\" value=\"0\" \/><input type=\"hidden\" name=\"_wpcf7_posted_data_hash\" value=\"\" \/>\n<\/fieldset>\n<p><label> Tu nombre<br \/>\n<span class=\"wpcf7-form-control-wrap\" data-name=\"your-name\"><input size=\"40\" maxlength=\"400\" class=\"wpcf7-form-control wpcf7-text wpcf7-validates-as-required\" aria-required=\"true\" aria-invalid=\"false\" value=\"\" type=\"text\" name=\"your-name\" \/><\/span> <\/label>\n<\/p>\n<p><label> Tu correo electr\u00f3nico<br \/>\n<span class=\"wpcf7-form-control-wrap\" data-name=\"your-email\"><input size=\"40\" maxlength=\"400\" class=\"wpcf7-form-control wpcf7-email wpcf7-validates-as-required wpcf7-text wpcf7-validates-as-email\" aria-required=\"true\" aria-invalid=\"false\" value=\"\" type=\"email\" name=\"your-email\" \/><\/span> <\/label>\n<\/p>\n<p><label> Asunto<br \/>\n<span class=\"wpcf7-form-control-wrap\" data-name=\"your-subject\"><input size=\"40\" maxlength=\"400\" class=\"wpcf7-form-control wpcf7-text wpcf7-validates-as-required\" aria-required=\"true\" aria-invalid=\"false\" value=\"\" type=\"text\" name=\"your-subject\" \/><\/span> <\/label>\n<\/p>\n<p><label> Tu mensaje (opcional)<br \/>\n<span class=\"wpcf7-form-control-wrap\" data-name=\"your-message\"><textarea cols=\"40\" rows=\"10\" maxlength=\"2000\" class=\"wpcf7-form-control wpcf7-textarea\" aria-invalid=\"false\" name=\"your-message\"><\/textarea><\/span> <\/label>\n<\/p>\n<p><input class=\"wpcf7-form-control wpcf7-submit has-spinner\" type=\"submit\" value=\"Enviar\" \/>\n<\/p>\n<p><label> <span class=\"wpcf7-form-control-wrap\" data-name=\"acceptance-921\"><span class=\"wpcf7-form-control wpcf7-acceptance\"><span class=\"wpcf7-list-item\"><input type=\"checkbox\" name=\"acceptance-921\" value=\"1\" aria-invalid=\"false\" \/><\/span><\/span><\/span> Consiento el tratamiento de mis datos. PANADER\u00cdA PASTELER\u00cdA SAN JUAN, S.L. tratar\u00e1 sus datos con la finalidad de contestar<br \/>\na sus consultas, dudas o reclamaciones. Puede ejercer sus derechos de acceso, rectificaci\u00f3n, supresi\u00f3n, portabilidad,<br \/>\nlimitaci\u00f3n y oposici\u00f3n, como le informamos en nuestra <a href=\"http:\/\/panaderiasanjuanalfacar.es\/en\/privacy-policy\/\"\">POL\u00cdTICA DE PRIVACIDAD<\/a><\/label>\n<\/p><input\n                    class=\"apbct_special_field apbct_email_id__wp_contact_form_7\"\n                    name=\"apbct__email_id__wp_contact_form_7\"\n                    aria-label=\"Formulario de contacto\"\n                    type=\"text\" size=\"30\" maxlength=\"200\" autocomplete=\"off\"\n                    value=\"\"\n                \/><div class=\"wpcf7-response-output\" aria-hidden=\"true\"><\/div>\n<input\n                    class=\"apbct_special_field apbct_email_id__elementor_form\"\n                    name=\"apbct__email_id__elementor_form\"\n                    aria-label=\"Formulario de contacto\"\n                    type=\"text\" size=\"30\" maxlength=\"200\" autocomplete=\"off\"\n                    value=\"\"\n                \/><input type=\"hidden\" name=\"trp-form-language\" value=\"en\"\/><\/form>\n<\/div>\n<\/div>\n            <\/div>\t\t\t\t<\/div>\n\t\t\t\t<\/div>\n\t\t\t\t<div class=\"elementor-element elementor-element-cc85695 elementor-widget elementor-widget-image\" data-id=\"cc85695\" data-element_type=\"widget\" data-widget_type=\"image.default\">\n\t\t\t\t<div class=\"elementor-widget-container\">\n\t\t\t\t\t\t\t\t\t\t\t\t\t\t\t<img decoding=\"async\" width=\"580\" height=\"1007\" src=\"https:\/\/panaderiasanjuanalfacar.es\/wp-content\/uploads\/2021\/02\/BARRPAN.jpg\" class=\"attachment-large size-large wp-image-1372\" alt=\"\" \/>\t\t\t\t\t\t\t\t\t\t\t\t\t\t\t<\/div>\n\t\t\t\t<\/div>\n\t\t\t\t\t<\/div>\n\t\t<\/div>\n\t\t\t\t\t<\/div>\n\t\t<\/section>\n\t\t\t\t\t<\/div>\n\t\t<\/div>\n\t\t\t\t\t<\/div>\n\t\t<\/section>\n\t\t\t\t<\/div>","protected":false},"excerpt":{"rendered":"<p>F\u00c1BRICA Pol\u00edgono Industrial La Alfaguara,Calle Fuente La Teja 19, 18170Alfacar, Granada Tel\u00e9fono: 958 . 430 . 352 WhatsApp: 650 . 811 .282\u00a0 TIENDAS Calle Poeta Manuel de G\u00f3ngora. Esquina con Alminares del Genil, 3.\u00a0\u00a018006 Granada.\u00a0 692 . 195 . 631 Avenida de D\u00edlar, 20.\u00a0 18006 Granada.\u00a0 685 . 213 . 717 Calle Campo Santo, 1.\u00a0 [&hellip;]<\/p>","protected":false},"author":1,"featured_media":1365,"parent":0,"menu_order":0,"comment_status":"closed","ping_status":"closed","template":"elementor_header_footer","meta":{"footnotes":""},"class_list":["post-986","page","type-page","status-publish","has-post-thumbnail","hentry"],"yoast_head":"<!-- This site is optimized with the Yoast SEO plugin v27.3 - https:\/\/yoast.com\/product\/yoast-seo-wordpress\/ -->\n<title>Contacto | Panader\u00eda San Juan Alfacar<\/title>\n<meta name=\"description\" content=\"Rellene nuestro formulario de contacto y estaremos encantados de atenderle. Si lo prefiere, tambi\u00e9n puede visitar nuestra f\u00e1brica y tiendas.\" \/>\n<meta name=\"robots\" content=\"index, follow, max-snippet:-1, max-image-preview:large, max-video-preview:-1\" \/>\n<link rel=\"canonical\" href=\"https:\/\/panaderiasanjuanalfacar.es\/en\/contacto\/\" \/>\n<meta property=\"og:locale\" content=\"en_US\" \/>\n<meta property=\"og:type\" content=\"article\" \/>\n<meta property=\"og:title\" content=\"Contacto | Panader\u00eda San Juan Alfacar\" \/>\n<meta property=\"og:description\" content=\"Rellene nuestro formulario de contacto y estaremos encantados de atenderle. Si lo prefiere, tambi\u00e9n puede visitar nuestra f\u00e1brica y tiendas.\" \/>\n<meta property=\"og:url\" content=\"https:\/\/panaderiasanjuanalfacar.es\/en\/contacto\/\" \/>\n<meta property=\"og:site_name\" content=\"Panader\u00eda San Juan Alfacar\" \/>\n<meta property=\"article:modified_time\" content=\"2024-07-26T07:19:34+00:00\" \/>\n<meta property=\"og:image\" content=\"https:\/\/panaderiasanjuanalfacar.es\/wp-content\/uploads\/2021\/02\/ppalcontacto-min3.png\" \/>\n\t<meta property=\"og:image:width\" content=\"1188\" \/>\n\t<meta property=\"og:image:height\" content=\"2242\" \/>\n\t<meta property=\"og:image:type\" content=\"image\/png\" \/>\n<meta name=\"twitter:card\" content=\"summary_large_image\" \/>\n<meta name=\"twitter:label1\" content=\"Est. reading time\" \/>\n\t<meta name=\"twitter:data1\" content=\"1 minute\" \/>\n<script type=\"application\/ld+json\" class=\"yoast-schema-graph\">{\"@context\":\"https:\\\/\\\/schema.org\",\"@graph\":[{\"@type\":\"WebPage\",\"@id\":\"https:\\\/\\\/panaderiasanjuanalfacar.es\\\/contacto\\\/\",\"url\":\"https:\\\/\\\/panaderiasanjuanalfacar.es\\\/contacto\\\/\",\"name\":\"Contacto | Panader\u00eda San Juan Alfacar\",\"isPartOf\":{\"@id\":\"https:\\\/\\\/panaderiasanjuanalfacar.es\\\/#website\"},\"primaryImageOfPage\":{\"@id\":\"https:\\\/\\\/panaderiasanjuanalfacar.es\\\/contacto\\\/#primaryimage\"},\"image\":{\"@id\":\"https:\\\/\\\/panaderiasanjuanalfacar.es\\\/contacto\\\/#primaryimage\"},\"thumbnailUrl\":\"https:\\\/\\\/panaderiasanjuanalfacar.es\\\/wp-content\\\/uploads\\\/2021\\\/02\\\/ppalcontacto-min3.png\",\"datePublished\":\"2021-02-21T08:32:57+00:00\",\"dateModified\":\"2024-07-26T07:19:34+00:00\",\"description\":\"Rellene nuestro formulario de contacto y estaremos encantados de atenderle. Si lo prefiere, tambi\u00e9n puede visitar nuestra f\u00e1brica y tiendas.\",\"breadcrumb\":{\"@id\":\"https:\\\/\\\/panaderiasanjuanalfacar.es\\\/contacto\\\/#breadcrumb\"},\"inLanguage\":\"en-US\",\"potentialAction\":[{\"@type\":\"ReadAction\",\"target\":[\"https:\\\/\\\/panaderiasanjuanalfacar.es\\\/contacto\\\/\"]}]},{\"@type\":\"ImageObject\",\"inLanguage\":\"en-US\",\"@id\":\"https:\\\/\\\/panaderiasanjuanalfacar.es\\\/contacto\\\/#primaryimage\",\"url\":\"https:\\\/\\\/panaderiasanjuanalfacar.es\\\/wp-content\\\/uploads\\\/2021\\\/02\\\/ppalcontacto-min3.png\",\"contentUrl\":\"https:\\\/\\\/panaderiasanjuanalfacar.es\\\/wp-content\\\/uploads\\\/2021\\\/02\\\/ppalcontacto-min3.png\",\"width\":1188,\"height\":2242},{\"@type\":\"BreadcrumbList\",\"@id\":\"https:\\\/\\\/panaderiasanjuanalfacar.es\\\/contacto\\\/#breadcrumb\",\"itemListElement\":[{\"@type\":\"ListItem\",\"position\":1,\"name\":\"Home\",\"item\":\"https:\\\/\\\/panaderiasanjuanalfacar.es\\\/\"},{\"@type\":\"ListItem\",\"position\":2,\"name\":\"Contacto\"}]},{\"@type\":\"WebSite\",\"@id\":\"https:\\\/\\\/panaderiasanjuanalfacar.es\\\/#website\",\"url\":\"https:\\\/\\\/panaderiasanjuanalfacar.es\\\/\",\"name\":\"Panader\u00eda San Juan Alfacar\",\"description\":\"Panader\u00edas y Pasteler\u00edas San Juan de Alfacar\",\"publisher\":{\"@id\":\"https:\\\/\\\/panaderiasanjuanalfacar.es\\\/#organization\"},\"potentialAction\":[{\"@type\":\"SearchAction\",\"target\":{\"@type\":\"EntryPoint\",\"urlTemplate\":\"https:\\\/\\\/panaderiasanjuanalfacar.es\\\/?s={search_term_string}\"},\"query-input\":{\"@type\":\"PropertyValueSpecification\",\"valueRequired\":true,\"valueName\":\"search_term_string\"}}],\"inLanguage\":\"en-US\"},{\"@type\":\"Organization\",\"@id\":\"https:\\\/\\\/panaderiasanjuanalfacar.es\\\/#organization\",\"name\":\"Panader\u00eda San Juan de Alfacar\",\"url\":\"https:\\\/\\\/panaderiasanjuanalfacar.es\\\/\",\"logo\":{\"@type\":\"ImageObject\",\"inLanguage\":\"en-US\",\"@id\":\"https:\\\/\\\/panaderiasanjuanalfacar.es\\\/#\\\/schema\\\/logo\\\/image\\\/\",\"url\":\"https:\\\/\\\/panaderiasanjuanalfacar.es\\\/wp-content\\\/uploads\\\/2021\\\/02\\\/logoppal.png\",\"contentUrl\":\"https:\\\/\\\/panaderiasanjuanalfacar.es\\\/wp-content\\\/uploads\\\/2021\\\/02\\\/logoppal.png\",\"width\":375,\"height\":375,\"caption\":\"Panader\u00eda San Juan de Alfacar\"},\"image\":{\"@id\":\"https:\\\/\\\/panaderiasanjuanalfacar.es\\\/#\\\/schema\\\/logo\\\/image\\\/\"}}]}<\/script>\n<!-- \/ Yoast SEO plugin. -->","yoast_head_json":{"title":"Contacto | Panader\u00eda San Juan Alfacar","description":"Rellene nuestro formulario de contacto y estaremos encantados de atenderle. Si lo prefiere, tambi\u00e9n puede visitar nuestra f\u00e1brica y tiendas.","robots":{"index":"index","follow":"follow","max-snippet":"max-snippet:-1","max-image-preview":"max-image-preview:large","max-video-preview":"max-video-preview:-1"},"canonical":"https:\/\/panaderiasanjuanalfacar.es\/en\/contacto\/","og_locale":"en_US","og_type":"article","og_title":"Contacto | Panader\u00eda San Juan Alfacar","og_description":"Rellene nuestro formulario de contacto y estaremos encantados de atenderle. Si lo prefiere, tambi\u00e9n puede visitar nuestra f\u00e1brica y tiendas.","og_url":"https:\/\/panaderiasanjuanalfacar.es\/en\/contacto\/","og_site_name":"Panader\u00eda San Juan Alfacar","article_modified_time":"2024-07-26T07:19:34+00:00","og_image":[{"width":1188,"height":2242,"url":"https:\/\/panaderiasanjuanalfacar.es\/wp-content\/uploads\/2021\/02\/ppalcontacto-min3.png","type":"image\/png"}],"twitter_card":"summary_large_image","twitter_misc":{"Est. reading time":"1 minute"},"schema":{"@context":"https:\/\/schema.org","@graph":[{"@type":"WebPage","@id":"https:\/\/panaderiasanjuanalfacar.es\/contacto\/","url":"https:\/\/panaderiasanjuanalfacar.es\/contacto\/","name":"Contacto | Panader\u00eda San Juan Alfacar","isPartOf":{"@id":"https:\/\/panaderiasanjuanalfacar.es\/#website"},"primaryImageOfPage":{"@id":"https:\/\/panaderiasanjuanalfacar.es\/contacto\/#primaryimage"},"image":{"@id":"https:\/\/panaderiasanjuanalfacar.es\/contacto\/#primaryimage"},"thumbnailUrl":"https:\/\/panaderiasanjuanalfacar.es\/wp-content\/uploads\/2021\/02\/ppalcontacto-min3.png","datePublished":"2021-02-21T08:32:57+00:00","dateModified":"2024-07-26T07:19:34+00:00","description":"Rellene nuestro formulario de contacto y estaremos encantados de atenderle. Si lo prefiere, tambi\u00e9n puede visitar nuestra f\u00e1brica y tiendas.","breadcrumb":{"@id":"https:\/\/panaderiasanjuanalfacar.es\/contacto\/#breadcrumb"},"inLanguage":"en-US","potentialAction":[{"@type":"ReadAction","target":["https:\/\/panaderiasanjuanalfacar.es\/contacto\/"]}]},{"@type":"ImageObject","inLanguage":"en-US","@id":"https:\/\/panaderiasanjuanalfacar.es\/contacto\/#primaryimage","url":"https:\/\/panaderiasanjuanalfacar.es\/wp-content\/uploads\/2021\/02\/ppalcontacto-min3.png","contentUrl":"https:\/\/panaderiasanjuanalfacar.es\/wp-content\/uploads\/2021\/02\/ppalcontacto-min3.png","width":1188,"height":2242},{"@type":"BreadcrumbList","@id":"https:\/\/panaderiasanjuanalfacar.es\/contacto\/#breadcrumb","itemListElement":[{"@type":"ListItem","position":1,"name":"Home","item":"https:\/\/panaderiasanjuanalfacar.es\/"},{"@type":"ListItem","position":2,"name":"Contacto"}]},{"@type":"WebSite","@id":"https:\/\/panaderiasanjuanalfacar.es\/#website","url":"https:\/\/panaderiasanjuanalfacar.es\/","name":"Panader\u00eda San Juan Alfacar","description":"Panader\u00edas y Pasteler\u00edas San Juan de Alfacar","publisher":{"@id":"https:\/\/panaderiasanjuanalfacar.es\/#organization"},"potentialAction":[{"@type":"SearchAction","target":{"@type":"EntryPoint","urlTemplate":"https:\/\/panaderiasanjuanalfacar.es\/?s={search_term_string}"},"query-input":{"@type":"PropertyValueSpecification","valueRequired":true,"valueName":"search_term_string"}}],"inLanguage":"en-US"},{"@type":"Organization","@id":"https:\/\/panaderiasanjuanalfacar.es\/#organization","name":"Panader\u00eda San Juan de Alfacar","url":"https:\/\/panaderiasanjuanalfacar.es\/","logo":{"@type":"ImageObject","inLanguage":"en-US","@id":"https:\/\/panaderiasanjuanalfacar.es\/#\/schema\/logo\/image\/","url":"https:\/\/panaderiasanjuanalfacar.es\/wp-content\/uploads\/2021\/02\/logoppal.png","contentUrl":"https:\/\/panaderiasanjuanalfacar.es\/wp-content\/uploads\/2021\/02\/logoppal.png","width":375,"height":375,"caption":"Panader\u00eda San Juan de Alfacar"},"image":{"@id":"https:\/\/panaderiasanjuanalfacar.es\/#\/schema\/logo\/image\/"}}]}},"_links":{"self":[{"href":"https:\/\/panaderiasanjuanalfacar.es\/en\/wp-json\/wp\/v2\/pages\/986","targetHints":{"allow":["GET"]}}],"collection":[{"href":"https:\/\/panaderiasanjuanalfacar.es\/en\/wp-json\/wp\/v2\/pages"}],"about":[{"href":"https:\/\/panaderiasanjuanalfacar.es\/en\/wp-json\/wp\/v2\/types\/page"}],"author":[{"embeddable":true,"href":"https:\/\/panaderiasanjuanalfacar.es\/en\/wp-json\/wp\/v2\/users\/1"}],"replies":[{"embeddable":true,"href":"https:\/\/panaderiasanjuanalfacar.es\/en\/wp-json\/wp\/v2\/comments?post=986"}],"version-history":[{"count":0,"href":"https:\/\/panaderiasanjuanalfacar.es\/en\/wp-json\/wp\/v2\/pages\/986\/revisions"}],"wp:featuredmedia":[{"embeddable":true,"href":"https:\/\/panaderiasanjuanalfacar.es\/en\/wp-json\/wp\/v2\/media\/1365"}],"wp:attachment":[{"href":"https:\/\/panaderiasanjuanalfacar.es\/en\/wp-json\/wp\/v2\/media?parent=986"}],"curies":[{"name":"wp","href":"https:\/\/api.w.org\/{rel}","templated":true}]}}